{"id":1643,"date":"2025-02-09T16:12:57","date_gmt":"2025-02-09T16:12:57","guid":{"rendered":"https:\/\/mstim.hr\/shop\/?post_type=product&#038;p=1643"},"modified":"2025-12-16T21:58:07","modified_gmt":"2025-12-16T20:58:07","slug":"i-wear-orange-for-my-wife","status":"publish","type":"product","link":"https:\/\/mstim.hr\/majice\/proizvod\/i-wear-orange-for-my-wife\/","title":{"rendered":"I wear orange for my wife"},"content":{"rendered":"","protected":false},"excerpt":{"rendered":"<p>Ova majica vi\u0161e je od odjevnog predmeta \u2013 ona je simbol podr\u0161ke i solidarnosti s onima koji se bore s multiplom sklerozom. Izra\u0111ena od visokokvalitetnog materijala, dizajnirana je da pru\u017ei udobnost tijekom cijelog dana, dok istovremeno \u0161iri svijest o ovoj bolesti. Nosite je s ponosom i poka\u017eite svoju podr\u0161ku za zajednicu oboljelih od multiple skleroze. Va\u0161a donacija poma\u017ee u financiranju vitalnih istra\u017eivanja i pru\u017eanju podr\u0161ke oboljelima.<\/p>\n","protected":false},"featured_media":1651,"comment_status":"open","ping_status":"closed","template":"","meta":[],"product_brand":[],"product_cat":[76,70],"product_tag":[],"class_list":{"0":"post-1643","1":"product","2":"type-product","3":"status-publish","4":"has-post-thumbnail","6":"product_cat-76","7":"product_cat-majice","9":"first","10":"instock","11":"shipping-taxable","12":"purchasable","13":"product-type-variable"},"yoast_head":"<!-- This site is optimized with the Yoast SEO plugin v26.6 - https:\/\/yoast.com\/wordpress\/plugins\/seo\/ -->\n<title>I wear orange for my wife - MS tim majice<\/title>\n<meta name=\"robots\" content=\"index, follow, max-snippet:-1, max-image-preview:large, max-video-preview:-1\" \/>\n<link rel=\"canonical\" href=\"https:\/\/mstim.hr\/majice\/proizvod\/i-wear-orange-for-my-wife\/\" \/>\n<meta property=\"og:locale\" content=\"hr_HR\" \/>\n<meta property=\"og:type\" content=\"article\" \/>\n<meta property=\"og:title\" content=\"I wear orange for my wife - MS tim majice\" \/>\n<meta property=\"og:description\" content=\"Ova majica vi\u0161e je od odjevnog predmeta \u2013 ona je simbol podr\u0161ke i solidarnosti s onima koji se bore s multiplom sklerozom. Izra\u0111ena od visokokvalitetnog materijala, dizajnirana je da pru\u017ei udobnost tijekom cijelog dana, dok istovremeno \u0161iri svijest o ovoj bolesti. Nosite je s ponosom i poka\u017eite svoju podr\u0161ku za zajednicu oboljelih od multiple skleroze. Va\u0161a donacija poma\u017ee u financiranju vitalnih istra\u017eivanja i pru\u017eanju podr\u0161ke oboljelima.\" \/>\n<meta property=\"og:url\" content=\"https:\/\/mstim.hr\/majice\/proizvod\/i-wear-orange-for-my-wife\/\" \/>\n<meta property=\"og:site_name\" content=\"MS tim majice\" \/>\n<meta property=\"article:publisher\" content=\"https:\/\/www.facebook.com\/hodajzaMs\/\" \/>\n<meta property=\"article:modified_time\" content=\"2025-12-16T20:58:07+00:00\" \/>\n<meta property=\"og:image\" content=\"https:\/\/mstim.hr\/majice\/wp-content\/uploads\/2025\/02\/018-i-wear-orange-WIFE.jpg\" \/>\n\t<meta property=\"og:image:width\" content=\"1500\" \/>\n\t<meta property=\"og:image:height\" content=\"1000\" \/>\n\t<meta property=\"og:image:type\" content=\"image\/jpeg\" \/>\n<meta name=\"twitter:card\" content=\"summary_large_image\" \/>\n<meta name=\"twitter:label1\" content=\"Procijenjeno vrijeme \u010ditanja\" \/>\n\t<meta name=\"twitter:data1\" content=\"1 minuta\" \/>\n<script type=\"application\/ld+json\" class=\"yoast-schema-graph\">{\"@context\":\"https:\/\/schema.org\",\"@graph\":[{\"@type\":\"WebPage\",\"@id\":\"https:\/\/mstim.hr\/majice\/proizvod\/i-wear-orange-for-my-wife\/\",\"url\":\"https:\/\/mstim.hr\/majice\/proizvod\/i-wear-orange-for-my-wife\/\",\"name\":\"I wear orange for my wife - MS tim majice\",\"isPartOf\":{\"@id\":\"https:\/\/mstim.hr\/majice\/#website\"},\"primaryImageOfPage\":{\"@id\":\"https:\/\/mstim.hr\/majice\/proizvod\/i-wear-orange-for-my-wife\/#primaryimage\"},\"image\":{\"@id\":\"https:\/\/mstim.hr\/majice\/proizvod\/i-wear-orange-for-my-wife\/#primaryimage\"},\"thumbnailUrl\":\"https:\/\/mstim.hr\/majice\/wp-content\/uploads\/2025\/02\/018-i-wear-orange-WIFE.jpg\",\"datePublished\":\"2025-02-09T16:12:57+00:00\",\"dateModified\":\"2025-12-16T20:58:07+00:00\",\"breadcrumb\":{\"@id\":\"https:\/\/mstim.hr\/majice\/proizvod\/i-wear-orange-for-my-wife\/#breadcrumb\"},\"inLanguage\":\"hr\",\"potentialAction\":[{\"@type\":\"ReadAction\",\"target\":[\"https:\/\/mstim.hr\/majice\/proizvod\/i-wear-orange-for-my-wife\/\"]}]},{\"@type\":\"ImageObject\",\"inLanguage\":\"hr\",\"@id\":\"https:\/\/mstim.hr\/majice\/proizvod\/i-wear-orange-for-my-wife\/#primaryimage\",\"url\":\"https:\/\/mstim.hr\/majice\/wp-content\/uploads\/2025\/02\/018-i-wear-orange-WIFE.jpg\",\"contentUrl\":\"https:\/\/mstim.hr\/majice\/wp-content\/uploads\/2025\/02\/018-i-wear-orange-WIFE.jpg\",\"width\":1500,\"height\":1000},{\"@type\":\"BreadcrumbList\",\"@id\":\"https:\/\/mstim.hr\/majice\/proizvod\/i-wear-orange-for-my-wife\/#breadcrumb\",\"itemListElement\":[{\"@type\":\"ListItem\",\"position\":1,\"name\":\"Po\u010detna stranica\",\"item\":\"https:\/\/mstim.hr\/majice\/\"},{\"@type\":\"ListItem\",\"position\":2,\"name\":\"Katalog majica\",\"item\":\"https:\/\/mstim.hr\/majice\/katalog-majica\/\"},{\"@type\":\"ListItem\",\"position\":3,\"name\":\"I wear orange for my wife\"}]},{\"@type\":\"WebSite\",\"@id\":\"https:\/\/mstim.hr\/majice\/#website\",\"url\":\"https:\/\/mstim.hr\/majice\/\",\"name\":\"MS tim majice\",\"description\":\"Odjeni hrabrost, podr\u017ei svijest\",\"publisher\":{\"@id\":\"https:\/\/mstim.hr\/majice\/#organization\"},\"potentialAction\":[{\"@type\":\"SearchAction\",\"target\":{\"@type\":\"EntryPoint\",\"urlTemplate\":\"https:\/\/mstim.hr\/majice\/?s={search_term_string}\"},\"query-input\":{\"@type\":\"PropertyValueSpecification\",\"valueRequired\":true,\"valueName\":\"search_term_string\"}}],\"inLanguage\":\"hr\"},{\"@type\":\"Organization\",\"@id\":\"https:\/\/mstim.hr\/majice\/#organization\",\"name\":\"MS tim Hrvatska\",\"url\":\"https:\/\/mstim.hr\/majice\/\",\"logo\":{\"@type\":\"ImageObject\",\"inLanguage\":\"hr\",\"@id\":\"https:\/\/mstim.hr\/majice\/#\/schema\/logo\/image\/\",\"url\":\"https:\/\/mstim.hr\/shop\/wp-content\/uploads\/2025\/02\/logo-majice-retina.png\",\"contentUrl\":\"https:\/\/mstim.hr\/shop\/wp-content\/uploads\/2025\/02\/logo-majice-retina.png\",\"width\":700,\"height\":700,\"caption\":\"MS tim Hrvatska\"},\"image\":{\"@id\":\"https:\/\/mstim.hr\/majice\/#\/schema\/logo\/image\/\"},\"sameAs\":[\"https:\/\/www.facebook.com\/hodajzaMs\/\"]}]}<\/script>\n<!-- \/ Yoast SEO plugin. -->","yoast_head_json":{"title":"I wear orange for my wife - MS tim majice","robots":{"index":"index","follow":"follow","max-snippet":"max-snippet:-1","max-image-preview":"max-image-preview:large","max-video-preview":"max-video-preview:-1"},"canonical":"https:\/\/mstim.hr\/majice\/proizvod\/i-wear-orange-for-my-wife\/","og_locale":"hr_HR","og_type":"article","og_title":"I wear orange for my wife - MS tim majice","og_description":"Ova majica vi\u0161e je od odjevnog predmeta \u2013 ona je simbol podr\u0161ke i solidarnosti s onima koji se bore s multiplom sklerozom. Izra\u0111ena od visokokvalitetnog materijala, dizajnirana je da pru\u017ei udobnost tijekom cijelog dana, dok istovremeno \u0161iri svijest o ovoj bolesti. Nosite je s ponosom i poka\u017eite svoju podr\u0161ku za zajednicu oboljelih od multiple skleroze. Va\u0161a donacija poma\u017ee u financiranju vitalnih istra\u017eivanja i pru\u017eanju podr\u0161ke oboljelima.","og_url":"https:\/\/mstim.hr\/majice\/proizvod\/i-wear-orange-for-my-wife\/","og_site_name":"MS tim majice","article_publisher":"https:\/\/www.facebook.com\/hodajzaMs\/","article_modified_time":"2025-12-16T20:58:07+00:00","og_image":[{"width":1500,"height":1000,"url":"https:\/\/mstim.hr\/majice\/wp-content\/uploads\/2025\/02\/018-i-wear-orange-WIFE.jpg","type":"image\/jpeg"}],"twitter_card":"summary_large_image","twitter_misc":{"Procijenjeno vrijeme \u010ditanja":"1 minuta"},"schema":{"@context":"https:\/\/schema.org","@graph":[{"@type":"WebPage","@id":"https:\/\/mstim.hr\/majice\/proizvod\/i-wear-orange-for-my-wife\/","url":"https:\/\/mstim.hr\/majice\/proizvod\/i-wear-orange-for-my-wife\/","name":"I wear orange for my wife - MS tim majice","isPartOf":{"@id":"https:\/\/mstim.hr\/majice\/#website"},"primaryImageOfPage":{"@id":"https:\/\/mstim.hr\/majice\/proizvod\/i-wear-orange-for-my-wife\/#primaryimage"},"image":{"@id":"https:\/\/mstim.hr\/majice\/proizvod\/i-wear-orange-for-my-wife\/#primaryimage"},"thumbnailUrl":"https:\/\/mstim.hr\/majice\/wp-content\/uploads\/2025\/02\/018-i-wear-orange-WIFE.jpg","datePublished":"2025-02-09T16:12:57+00:00","dateModified":"2025-12-16T20:58:07+00:00","breadcrumb":{"@id":"https:\/\/mstim.hr\/majice\/proizvod\/i-wear-orange-for-my-wife\/#breadcrumb"},"inLanguage":"hr","potentialAction":[{"@type":"ReadAction","target":["https:\/\/mstim.hr\/majice\/proizvod\/i-wear-orange-for-my-wife\/"]}]},{"@type":"ImageObject","inLanguage":"hr","@id":"https:\/\/mstim.hr\/majice\/proizvod\/i-wear-orange-for-my-wife\/#primaryimage","url":"https:\/\/mstim.hr\/majice\/wp-content\/uploads\/2025\/02\/018-i-wear-orange-WIFE.jpg","contentUrl":"https:\/\/mstim.hr\/majice\/wp-content\/uploads\/2025\/02\/018-i-wear-orange-WIFE.jpg","width":1500,"height":1000},{"@type":"BreadcrumbList","@id":"https:\/\/mstim.hr\/majice\/proizvod\/i-wear-orange-for-my-wife\/#breadcrumb","itemListElement":[{"@type":"ListItem","position":1,"name":"Po\u010detna stranica","item":"https:\/\/mstim.hr\/majice\/"},{"@type":"ListItem","position":2,"name":"Katalog majica","item":"https:\/\/mstim.hr\/majice\/katalog-majica\/"},{"@type":"ListItem","position":3,"name":"I wear orange for my wife"}]},{"@type":"WebSite","@id":"https:\/\/mstim.hr\/majice\/#website","url":"https:\/\/mstim.hr\/majice\/","name":"MS tim majice","description":"Odjeni hrabrost, podr\u017ei svijest","publisher":{"@id":"https:\/\/mstim.hr\/majice\/#organization"},"potentialAction":[{"@type":"SearchAction","target":{"@type":"EntryPoint","urlTemplate":"https:\/\/mstim.hr\/majice\/?s={search_term_string}"},"query-input":{"@type":"PropertyValueSpecification","valueRequired":true,"valueName":"search_term_string"}}],"inLanguage":"hr"},{"@type":"Organization","@id":"https:\/\/mstim.hr\/majice\/#organization","name":"MS tim Hrvatska","url":"https:\/\/mstim.hr\/majice\/","logo":{"@type":"ImageObject","inLanguage":"hr","@id":"https:\/\/mstim.hr\/majice\/#\/schema\/logo\/image\/","url":"https:\/\/mstim.hr\/shop\/wp-content\/uploads\/2025\/02\/logo-majice-retina.png","contentUrl":"https:\/\/mstim.hr\/shop\/wp-content\/uploads\/2025\/02\/logo-majice-retina.png","width":700,"height":700,"caption":"MS tim Hrvatska"},"image":{"@id":"https:\/\/mstim.hr\/majice\/#\/schema\/logo\/image\/"},"sameAs":["https:\/\/www.facebook.com\/hodajzaMs\/"]}]}},"_links":{"self":[{"href":"https:\/\/mstim.hr\/majice\/wp-json\/wp\/v2\/product\/1643","targetHints":{"allow":["GET"]}}],"collection":[{"href":"https:\/\/mstim.hr\/majice\/wp-json\/wp\/v2\/product"}],"about":[{"href":"https:\/\/mstim.hr\/majice\/wp-json\/wp\/v2\/types\/product"}],"replies":[{"embeddable":true,"href":"https:\/\/mstim.hr\/majice\/wp-json\/wp\/v2\/comments?post=1643"}],"wp:featuredmedia":[{"embeddable":true,"href":"https:\/\/mstim.hr\/majice\/wp-json\/wp\/v2\/media\/1651"}],"wp:attachment":[{"href":"https:\/\/mstim.hr\/majice\/wp-json\/wp\/v2\/media?parent=1643"}],"wp:term":[{"taxonomy":"product_brand","embeddable":true,"href":"https:\/\/mstim.hr\/majice\/wp-json\/wp\/v2\/product_brand?post=1643"},{"taxonomy":"product_cat","embeddable":true,"href":"https:\/\/mstim.hr\/majice\/wp-json\/wp\/v2\/product_cat?post=1643"},{"taxonomy":"product_tag","embeddable":true,"href":"https:\/\/mstim.hr\/majice\/wp-json\/wp\/v2\/product_tag?post=1643"}],"curies":[{"name":"wp","href":"https:\/\/api.w.org\/{rel}","templated":true}]}}